{"id":345,"date":"2024-05-02T12:34:48","date_gmt":"2024-05-02T12:34:48","guid":{"rendered":"https:\/\/fiodental.es\/equip\/"},"modified":"2025-01-09T13:04:02","modified_gmt":"2025-01-09T13:04:02","slug":"equip","status":"publish","type":"page","link":"https:\/\/fiodental.es\/ca\/equip\/","title":{"rendered":"Equip"},"content":{"rendered":"<p>[et_pb_section fb_built=&#8221;1&#8243; admin_label=&#8221;Header&#8221; _builder_version=&#8221;4.24.3&#8243; _module_preset=&#8221;default&#8221; use_background_color_gradient=&#8221;on&#8221; background_color_gradient_stops=&#8221;#7194a6 1%|rgba(242,240,235,0) 100%&#8221; background_color_gradient_overlays_image=&#8221;on&#8221; background_enable_image=&#8221;off&#8221; parallax=&#8221;on&#8221; background_video_webm=&#8221;https:\/\/fiodental.es\/wp-content\/uploads\/2024\/11\/FIO-Septembre-5.webm&#8221; custom_padding=&#8221;8vw||20vw|0px|false|false&#8221; border_radii=&#8221;off|||3vw|3vw&#8221; collapsed=&#8221;on&#8221; global_colors_info=&#8221;{}&#8221;][et_pb_row _builder_version=&#8221;4.24.3&#8243; _module_preset=&#8221;default&#8221; max_width=&#8221;1800px&#8221; global_colors_info=&#8221;{}&#8221;][et_pb_column type=&#8221;4_4&#8243; _builder_version=&#8221;4.22.0&#8243; _module_preset=&#8221;default&#8221; global_colors_info=&#8221;{}&#8221;][et_pb_text _builder_version=&#8221;4.24.3&#8243; _module_preset=&#8221;7f035450-5b23-4d94-b51a-76575db153dd&#8221; text_text_color=&#8221;#000000&#8243; header_text_color=&#8221;#FFFFFF&#8221; max_width=&#8221;1440px&#8221; custom_margin=&#8221;||10px||false|false&#8221; global_colors_info=&#8221;{}&#8221;]<\/p>\n<h1>El teu equip de dentistes a Tarragona<\/h1>\n<p>&nbsp;<\/p>\n<p>[\/et_pb_text][et_pb_text _builder_version=&#8221;4.24.3&#8243; _module_preset=&#8221;f3eae309-068f-4382-97d3-ed4cb0b1d71f&#8221; text_text_color=&#8221;gcid-2490e176-5733-4f77-b033-d0b72133e372&#8243; header_4_font=&#8221;Source Serif Pro|300|||||||&#8221; header_4_text_color=&#8221;#FFFFFF&#8221; max_width=&#8221;1440px&#8221; global_colors_info=&#8221;{%22gcid-2490e176-5733-4f77-b033-d0b72133e372%22:%91%22text_text_color%22%93}&#8221;]<\/p>\n<h4><span>La nostra especialitzaci\u00f3 \u00e9s l&#8217;atenci\u00f3 personalitzada ja que cada pacient \u00e9s \u00fanic. Aqu\u00ed podr\u00e0s trobar el teu <strong>dentista a Tarragona<\/strong> de confian\u00e7a.<\/span><\/h4>\n<p>[\/et_pb_text][et_pb_button button_url=&#8221;https:\/\/fiodental.es\/ca\/contacte\/&#8221; button_text=&#8221;Contactar&#8221; _builder_version=&#8221;4.24.3&#8243; _module_preset=&#8221;19459512-fcb1-4ee5-a370-8350491bae88&#8243; button_bg_color=&#8221;#004274&#8243; global_colors_info=&#8221;{}&#8221;][\/et_pb_button][\/et_pb_column][\/et_pb_row][\/et_pb_section][et_pb_section fb_built=&#8221;1&#8243; admin_label=&#8221;About&#8221; _builder_version=&#8221;4.24.0&#8243; _module_preset=&#8221;default&#8221; collapsed=&#8221;on&#8221; global_colors_info=&#8221;{}&#8221;][et_pb_row column_structure=&#8221;2_3,1_3&#8243; _builder_version=&#8221;4.24.0&#8243; _module_preset=&#8221;default&#8221; max_width=&#8221;1800px&#8221; global_colors_info=&#8221;{}&#8221;][et_pb_column type=&#8221;2_3&#8243; _builder_version=&#8221;4.22.0&#8243; _module_preset=&#8221;default&#8221; global_colors_info=&#8221;{}&#8221;][et_pb_text _builder_version=&#8221;4.24.3&#8243; _module_preset=&#8221;982c1181-0e44-4f55-b8db-fb3e2e04a85f&#8221; header_2_text_color=&#8221;#004274&#8243; global_colors_info=&#8221;{}&#8221;]<\/p>\n<h2>L&#8217;experi\u00e8ncia i proximitat al pacient \u00e9s el nostre principal objectiu<\/h2>\n<p>[\/et_pb_text][\/et_pb_column][et_pb_column type=&#8221;1_3&#8243; _builder_version=&#8221;4.22.0&#8243; _module_preset=&#8221;default&#8221; global_colors_info=&#8221;{}&#8221;][et_pb_text _builder_version=&#8221;4.24.3&#8243; _module_preset=&#8221;0177e4c0-16d3-4367-92c1-9ffde16e8c4d&#8221; text_font=&#8221;Source Serif Pro||||||||&#8221; text_text_color=&#8221;#004274&#8243; global_colors_info=&#8221;{}&#8221;]<\/p>\n<p>L&#8217;equip de la nostra cl\u00ednica est\u00e0 compost pel Dr. Xavier Casad\u00f3 Catal\u00e0, Carolina Maestro Cancho,el Dr. Gerardo Sa\u00e9nz Cuesta i Imma Llaurad\u00f3 Vidal i utilitzem materials de primera qualitat per a mantenir la maxima naturalitat.<\/p>\n<p>En l&#8217;equip de Fio Dental est\u00e0 el teu dentista de confian\u00e7a a Tarragona, treballem per a fer-te sentir b\u00e9 i que recuperis la confian\u00e7a dental que moltes vegades es perd per pors i temors preestablerts per t\u00e8cniques antigues; en aquests temps d&#8217;avan\u00e7os i millores i sobretot la formaci\u00f3 cont\u00ednua del nostre equip.<\/p>\n<p>[\/et_pb_text][\/et_pb_column][\/et_pb_row][\/et_pb_section][et_pb_section fb_built=&#8221;1&#8243; admin_label=&#8221;Projects&#8221; _builder_version=&#8221;4.24.3&#8243; _module_preset=&#8221;default&#8221; background_color=&#8221;#7194A6&#8243; border_radii=&#8221;on|3vw|3vw|3vw|3vw&#8221; collapsed=&#8221;on&#8221; global_colors_info=&#8221;{}&#8221;][et_pb_row _builder_version=&#8221;4.22.0&#8243; _module_preset=&#8221;default&#8221; global_colors_info=&#8221;{}&#8221;][et_pb_column type=&#8221;4_4&#8243; _builder_version=&#8221;4.22.0&#8243; _module_preset=&#8221;default&#8221; global_colors_info=&#8221;{}&#8221;][et_pb_text _builder_version=&#8221;4.24.3&#8243; _module_preset=&#8221;982c1181-0e44-4f55-b8db-fb3e2e04a85f&#8221; header_2_text_color=&#8221;#FFFFFF&#8221; text_orientation=&#8221;center&#8221; global_colors_info=&#8221;{}&#8221;]<\/p>\n<h2>El nostre equip de professionals<\/h2>\n<p>[\/et_pb_text][\/et_pb_column][\/et_pb_row][et_pb_row column_structure=&#8221;1_3,1_3,1_3&#8243; use_custom_gutter=&#8221;on&#8221; gutter_width=&#8221;2&#8243; _builder_version=&#8221;4.24.3&#8243; _module_preset=&#8221;default&#8221; locked=&#8221;off&#8221; global_colors_info=&#8221;{}&#8221;][et_pb_column type=&#8221;1_3&#8243; _builder_version=&#8221;4.22.1&#8243; _module_preset=&#8221;default&#8221; global_colors_info=&#8221;{}&#8221;][et_pb_image src=&#8221;https:\/\/fiodental.es\/wp-content\/uploads\/2024\/11\/FIO-Septiembre-72_resultat.webp&#8221; alt=&#8221;equipo fio dental | dr casado&#8221; title_text=&#8221;equipo fio dental | dr casado&#8221; align=&#8221;center&#8221; _builder_version=&#8221;4.24.3&#8243; _module_preset=&#8221;default&#8221; border_radii=&#8221;on|10px|10px|10px|10px&#8221; locked=&#8221;off&#8221; global_colors_info=&#8221;{}&#8221;][\/et_pb_image][et_pb_toggle title=&#8221;Dr. Xavier Casad\u00f3 Catal\u00e0&#8221; open_toggle_text_color=&#8221;#004274&#8243; open_toggle_background_color=&#8221;#FFFFFF&#8221; closed_toggle_text_color=&#8221;#004274&#8243; closed_toggle_background_color=&#8221;#FFFFFF&#8221; icon_color=&#8221;#7194A6&#8243; toggle_icon=&#8221;&#xf5c9;||fa||900&#8243; _builder_version=&#8221;4.24.3&#8243; _module_preset=&#8221;default&#8221; title_font=&#8221;|600|||||||&#8221; border_radii=&#8221;on|30px|30px|30px|30px&#8221; global_colors_info=&#8221;{}&#8221;]<\/p>\n<p>Director M\u00e8dic<\/p>\n<p>N\u00ba Colegiat: 7383<\/p>\n<p>[\/et_pb_toggle][\/et_pb_column][et_pb_column type=&#8221;1_3&#8243; _builder_version=&#8221;4.22.1&#8243; _module_preset=&#8221;default&#8221; global_colors_info=&#8221;{}&#8221;][et_pb_image src=&#8221;https:\/\/fiodental.es\/wp-content\/uploads\/2024\/11\/Diseno-sin-titulo-2_resultat.webp&#8221; alt=&#8221;equipo fio dental | gerardo&#8221; title_text=&#8221;equipo fio dental | gerardo&#8221; align=&#8221;center&#8221; _builder_version=&#8221;4.24.3&#8243; _module_preset=&#8221;default&#8221; border_radii=&#8221;on|10px|10px|10px|10px&#8221; locked=&#8221;off&#8221; global_colors_info=&#8221;{}&#8221;][\/et_pb_image][et_pb_toggle title=&#8221;Dr. Gerardo Sa\u00e9nz Cuesta&#8221; open_toggle_text_color=&#8221;#004274&#8243; open_toggle_background_color=&#8221;#FFFFFF&#8221; closed_toggle_text_color=&#8221;#004274&#8243; closed_toggle_background_color=&#8221;#FFFFFF&#8221; icon_color=&#8221;#7194A6&#8243; toggle_icon=&#8221;&#xf5c9;||fa||900&#8243; _builder_version=&#8221;4.24.3&#8243; _module_preset=&#8221;default&#8221; title_font=&#8221;|600|||||||&#8221; border_radii=&#8221;on|30px|30px|30px|30px&#8221; global_colors_info=&#8221;{}&#8221;]<\/p>\n<p>Ortodoncista<\/p>\n<p>N\u00ba Colegiat: 5589<\/p>\n<p>[\/et_pb_toggle][\/et_pb_column][et_pb_column type=&#8221;1_3&#8243; _builder_version=&#8221;4.22.1&#8243; _module_preset=&#8221;default&#8221; global_colors_info=&#8221;{}&#8221;][et_pb_image src=&#8221;https:\/\/fiodental.es\/wp-content\/uploads\/2024\/11\/FIO-Septiembre-60_resultat.webp&#8221; alt=&#8221;equipo fio dental | carolina&#8221; title_text=&#8221;equipo fio dental | carolina&#8221; align=&#8221;center&#8221; _builder_version=&#8221;4.24.3&#8243; _module_preset=&#8221;default&#8221; border_radii=&#8221;on|10px|10px|10px|10px&#8221; locked=&#8221;off&#8221; global_colors_info=&#8221;{}&#8221;][\/et_pb_image][et_pb_toggle title=&#8221;Carolina Maestro&#8221; open_toggle_text_color=&#8221;#004274&#8243; open_toggle_background_color=&#8221;#FFFFFF&#8221; closed_toggle_text_color=&#8221;#004274&#8243; closed_toggle_background_color=&#8221;#FFFFFF&#8221; icon_color=&#8221;#7194A6&#8243; toggle_icon=&#8221;&#xf5c9;||fa||900&#8243; _builder_version=&#8221;4.24.3&#8243; _module_preset=&#8221;default&#8221; title_font=&#8221;|600|||||||&#8221; border_radii=&#8221;on|30px|30px|30px|30px&#8221; global_colors_info=&#8221;{}&#8221;]<\/p>\n<p>Directora cl\u00ednica<\/p>\n<p>[\/et_pb_toggle][\/et_pb_column][\/et_pb_row][et_pb_row column_structure=&#8221;1_3,1_3,1_3&#8243; use_custom_gutter=&#8221;on&#8221; gutter_width=&#8221;2&#8243; _builder_version=&#8221;4.24.3&#8243; _module_preset=&#8221;default&#8221; locked=&#8221;off&#8221; global_colors_info=&#8221;{}&#8221;][et_pb_column type=&#8221;1_3&#8243; _builder_version=&#8221;4.22.1&#8243; _module_preset=&#8221;default&#8221; global_colors_info=&#8221;{}&#8221;][et_pb_image src=&#8221;https:\/\/fiodental.es\/wp-content\/uploads\/2024\/11\/Diseno-sin-titulo-4_resultat.webp&#8221; alt=&#8221;Dentista a Tarragona&#8221; title_text=&#8221;Dentista a Tarragona&#8221; align=&#8221;center&#8221; _builder_version=&#8221;4.24.3&#8243; _module_preset=&#8221;default&#8221; border_radii=&#8221;on|10px|10px|10px|10px&#8221; locked=&#8221;off&#8221; global_colors_info=&#8221;{}&#8221;][\/et_pb_image][et_pb_toggle title=&#8221;Dra. Sara Amghar Maach&#8221; open_toggle_text_color=&#8221;#004274&#8243; open_toggle_background_color=&#8221;#FFFFFF&#8221; closed_toggle_text_color=&#8221;#004274&#8243; closed_toggle_background_color=&#8221;#FFFFFF&#8221; icon_color=&#8221;#7194A6&#8243; toggle_icon=&#8221;&#xf5c9;||fa||900&#8243; _builder_version=&#8221;4.24.3&#8243; _module_preset=&#8221;default&#8221; title_font=&#8221;|600|||||||&#8221; border_radii=&#8221;on|30px|30px|30px|30px&#8221; global_colors_info=&#8221;{}&#8221;]<\/p>\n<p>Cirurgiana Oral, Implantologia<\/p>\n<p>N\u00ba Colegiat: 8528<\/p>\n<p>[\/et_pb_toggle][\/et_pb_column][et_pb_column type=&#8221;1_3&#8243; _builder_version=&#8221;4.22.1&#8243; _module_preset=&#8221;default&#8221; global_colors_info=&#8221;{}&#8221;][et_pb_image src=&#8221;https:\/\/fiodental.es\/wp-content\/uploads\/2024\/11\/Diseno-sin-titulo-3.png&#8221; alt=&#8221;equipo fio dental | nuria montes&#8221; title_text=&#8221;equipo fio dental | nuria montes&#8221; align=&#8221;center&#8221; _builder_version=&#8221;4.24.3&#8243; _module_preset=&#8221;default&#8221; border_radii=&#8221;on|10px|10px|10px|10px&#8221; locked=&#8221;off&#8221; global_colors_info=&#8221;{}&#8221;][\/et_pb_image][et_pb_toggle title=&#8221;Dra. N\u00faria Ollonarte&#8221; open_toggle_text_color=&#8221;#004274&#8243; open_toggle_background_color=&#8221;#FFFFFF&#8221; closed_toggle_text_color=&#8221;#004274&#8243; closed_toggle_background_color=&#8221;#FFFFFF&#8221; icon_color=&#8221;#7194A6&#8243; toggle_icon=&#8221;&#xf5c9;||fa||900&#8243; _builder_version=&#8221;4.24.3&#8243; _module_preset=&#8221;default&#8221; title_font=&#8221;|600|||||||&#8221; border_radii=&#8221;on|30px|30px|30px|30px&#8221; global_colors_info=&#8221;{}&#8221;]<\/p>\n<p>Odontologia General, Endod\u00f2ncia i Prostodoncia<\/p>\n<p>N\u00ba Colegiat: 8385<\/p>\n<p>[\/et_pb_toggle][\/et_pb_column][et_pb_column type=&#8221;1_3&#8243; _builder_version=&#8221;4.22.1&#8243; _module_preset=&#8221;default&#8221; global_colors_info=&#8221;{}&#8221;][et_pb_image src=&#8221;https:\/\/fiodental.es\/wp-content\/uploads\/2024\/11\/FIO-Septiembre-64_resultat.webp&#8221; alt=&#8221;equipo fio dental | cristina&#8221; title_text=&#8221;equipo fio dental | cristina&#8221; align=&#8221;center&#8221; _builder_version=&#8221;4.24.3&#8243; _module_preset=&#8221;default&#8221; border_radii=&#8221;on|10px|10px|10px|10px&#8221; locked=&#8221;off&#8221; global_colors_info=&#8221;{}&#8221;][\/et_pb_image][et_pb_toggle title=&#8221;Imma Llaurad\u00f3&#8221; open_toggle_text_color=&#8221;#004274&#8243; open_toggle_background_color=&#8221;#FFFFFF&#8221; closed_toggle_text_color=&#8221;#004274&#8243; closed_toggle_background_color=&#8221;#FFFFFF&#8221; icon_color=&#8221;#7194A6&#8243; toggle_icon=&#8221;&#xf5c9;||fa||900&#8243; _builder_version=&#8221;4.24.3&#8243; _module_preset=&#8221;default&#8221; title_font=&#8221;|600|||||||&#8221; hover_enabled=&#8221;0&#8243; border_radii=&#8221;on|30px|30px|30px|30px&#8221; global_colors_info=&#8221;{}&#8221; sticky_enabled=&#8221;0&#8243;]<\/p>\n<p>Higienista<\/p>\n<p>[\/et_pb_toggle][\/et_pb_column][\/et_pb_row][\/et_pb_section][et_pb_section fb_built=&#8221;1&#8243; admin_label=&#8221;Feature&#8221; _builder_version=&#8221;4.22.0&#8243; _module_preset=&#8221;default&#8221; locked=&#8221;off&#8221; collapsed=&#8221;on&#8221; global_colors_info=&#8221;{}&#8221;][et_pb_row column_structure=&#8221;1_2,1_2&#8243; make_equal=&#8221;on&#8221; _builder_version=&#8221;4.24.3&#8243; _module_preset=&#8221;default&#8221; max_width=&#8221;1800px&#8221; global_colors_info=&#8221;{}&#8221;][et_pb_column type=&#8221;1_2&#8243; _builder_version=&#8221;4.22.0&#8243; _module_preset=&#8221;default&#8221; global_colors_info=&#8221;{}&#8221;][et_pb_image src=&#8221;https:\/\/fiodental.es\/wp-content\/uploads\/2024\/04\/frase.jpg-1024&#215;682-1.jpeg&#8221; title_text=&#8221;frase.jpg-1024&#215;682&#8243; force_fullwidth=&#8221;on&#8221; _builder_version=&#8221;4.24.3&#8243; _module_preset=&#8221;default&#8221; scroll_horizontal_motion_enable=&#8221;on&#8221; scroll_horizontal_motion=&#8221;0|70|70|100|0.3|0|0&#8243; motion_trigger_start=&#8221;top&#8221; border_radii=&#8221;on|30px|30px|30px|30px&#8221; locked=&#8221;off&#8221; global_colors_info=&#8221;{}&#8221;][\/et_pb_image][\/et_pb_column][et_pb_column type=&#8221;1_2&#8243; _builder_version=&#8221;4.24.3&#8243; _module_preset=&#8221;default&#8221; background_color=&#8221;#7194A6&#8243; custom_padding=&#8221;60px|60px|60px|60px|true|true&#8221; custom_padding_tablet=&#8221;30px|30px|30px|30px|true|true&#8221; custom_padding_phone=&#8221;20px|20px|20px|20px|true|true&#8221; custom_padding_last_edited=&#8221;on|tablet&#8221; border_radii=&#8221;on|3vw|3vw|3vw|3vw&#8221; global_colors_info=&#8221;{}&#8221;][et_pb_text _builder_version=&#8221;4.24.3&#8243; _module_preset=&#8221;_initial&#8221; header_2_font=&#8221;Inter|700|||||||&#8221; header_2_text_color=&#8221;#FFFFFF&#8221; header_2_font_size=&#8221;52px&#8221; header_2_line_height=&#8221;1.2em&#8221; custom_margin=&#8221;||10px||false|false&#8221; header_2_font_size_tablet=&#8221;32px&#8221; header_2_font_size_phone=&#8221;20px&#8221; header_2_font_size_last_edited=&#8221;on|desktop&#8221; locked=&#8221;off&#8221; global_colors_info=&#8221;{}&#8221;]<\/p>\n<h2>El nostre m\u00e8tode<\/h2>\n<p>[\/et_pb_text][et_pb_text _builder_version=&#8221;4.24.3&#8243; _module_preset=&#8221;_initial&#8221; text_font=&#8221;Roboto||||||||&#8221; text_font_size=&#8221;18px&#8221; text_line_height=&#8221;1.8em&#8221; header_3_font=&#8221;Source Serif Pro||||||||&#8221; header_3_text_align=&#8221;justify&#8221; header_3_text_color=&#8221;#FFFFFF&#8221; header_3_line_height=&#8221;1.2em&#8221; max_width=&#8221;500px&#8221; text_font_size_tablet=&#8221;16px&#8221; text_font_size_phone=&#8221;14px&#8221; text_font_size_last_edited=&#8221;on|desktop&#8221; locked=&#8221;off&#8221; global_colors_info=&#8221;{}&#8221;]<\/p>\n<h3>Pel nostre equip l&#8217;odontologia \u00e9s art, com diu la frase <strong>\u00abL&#8217;odontologia es duu a terme des de la ci\u00e8ncia i s&#8217;executa des de l&#8217;art\u00bb<\/strong><\/h3>\n<p>[\/et_pb_text][\/et_pb_column][\/et_pb_row][\/et_pb_section][et_pb_section fb_built=&#8221;1&#8243; admin_label=&#8221;Feature&#8221; _builder_version=&#8221;4.24.3&#8243; _module_preset=&#8221;default&#8221; background_image=&#8221;https:\/\/fiodental.es\/wp-content\/uploads\/2024\/11\/FIO-Septiembre-74_resultat.webp&#8221; min_height=&#8221;900px&#8221; border_radii=&#8221;on|3vw|3vw|3vw|3vw&#8221; locked=&#8221;off&#8221; collapsed=&#8221;on&#8221; global_colors_info=&#8221;{}&#8221;][\/et_pb_section][et_pb_section fb_built=&#8221;1&#8243; admin_label=&#8221;Projects&#8221; _builder_version=&#8221;4.24.3&#8243; _module_preset=&#8221;default&#8221; background_color=&#8221;#004274&#8243; border_radii=&#8221;off|3vw|3vw||&#8221; collapsed=&#8221;on&#8221; global_colors_info=&#8221;{}&#8221;][et_pb_row _builder_version=&#8221;4.22.0&#8243; _module_preset=&#8221;default&#8221; global_colors_info=&#8221;{}&#8221;][et_pb_column type=&#8221;4_4&#8243; _builder_version=&#8221;4.22.0&#8243; _module_preset=&#8221;default&#8221; global_colors_info=&#8221;{}&#8221;][et_pb_text _builder_version=&#8221;4.24.3&#8243; _module_preset=&#8221;982c1181-0e44-4f55-b8db-fb3e2e04a85f&#8221; header_2_text_color=&#8221;#FFFFFF&#8221; text_orientation=&#8221;center&#8221; global_colors_info=&#8221;{}&#8221;]<\/p>\n<h2>Deixa-ho a les nostres mans<\/h2>\n<p>[\/et_pb_text][et_pb_text _builder_version=&#8221;4.24.3&#8243; _module_preset=&#8221;f3eae309-068f-4382-97d3-ed4cb0b1d71f&#8221; text_text_color=&#8221;gcid-2490e176-5733-4f77-b033-d0b72133e372&#8243; header_4_font=&#8221;Source Serif Pro|300|||||||&#8221; header_4_text_color=&#8221;#FFFFFF&#8221; max_width=&#8221;1440px&#8221; global_colors_info=&#8221;{%22gcid-2490e176-5733-4f77-b033-d0b72133e372%22:%91%22text_text_color%22%93}&#8221;]<\/p>\n<h4 style=\"text-align: center;\"><span> Guanyem la teva confian\u00e7a des del primer dia.<br \/><strong>Comencem?<\/strong><\/span><\/h4>\n<p>[\/et_pb_text][et_pb_button button_url=&#8221;https:\/\/fiodental.es\/ca\/contacte\/&#8221; button_text=&#8221;Contactar&#8221; button_alignment=&#8221;center&#8221; _builder_version=&#8221;4.24.3&#8243; _module_preset=&#8221;19459512-fcb1-4ee5-a370-8350491bae88&#8243; button_bg_color=&#8221;#7194A6&#8243; global_colors_info=&#8221;{}&#8221;][\/et_pb_button][\/et_pb_column][\/et_pb_row][\/et_pb_section]<\/p>\n","protected":false},"excerpt":{"rendered":"<p>El teu equip de dentistes a Tarragona &nbsp;La nostra especialitzaci\u00f3 \u00e9s l&#8217;atenci\u00f3 personalitzada ja que cada pacient \u00e9s \u00fanic. Aqu\u00ed podr\u00e0s trobar el teu dentista a Tarragona de confian\u00e7a.L&#8217;experi\u00e8ncia i proximitat al pacient \u00e9s el nostre principal objectiuL&#8217;equip de la nostra cl\u00ednica est\u00e0 compost pel Dr. Xavier Casad\u00f3 Catal\u00e0, Carolina Maestro Cancho,el Dr. Gerardo Sa\u00e9nz [&hellip;]<\/p>\n","protected":false},"author":6,"featured_media":246,"parent":0,"menu_order":0,"comment_status":"closed","ping_status":"closed","template":"","meta":{"_et_pb_use_builder":"on","_et_pb_old_content":"","_et_gb_content_width":"","_joinchat":[],"footnotes":""},"class_list":["post-345","page","type-page","status-publish","has-post-thumbnail","hentry"],"yoast_head":"<!-- This site is optimized with the Yoast SEO plugin v25.2 - https:\/\/yoast.com\/wordpress\/plugins\/seo\/ -->\n<title>Descobreix el nostre equip de dentistes a Tarragona<\/title>\n<meta name=\"description\" content=\"La nostra especialitzaci\u00f3 \u00e9s l&#039;atenci\u00f3 personalitzada ja que cada pacient \u00e9s \u00fanic. Troba el teu dentista a Tarragona de confian\u00e7a.\" \/>\n<meta name=\"robots\" content=\"index, follow, max-snippet:-1, max-image-preview:large, max-video-preview:-1\" \/>\n<link rel=\"canonical\" href=\"https:\/\/fiodental.es\/ca\/equip\/\" \/>\n<meta property=\"og:locale\" content=\"ca_ES\" \/>\n<meta property=\"og:type\" content=\"article\" \/>\n<meta property=\"og:title\" content=\"Descobreix el nostre equip de dentistes a Tarragona\" \/>\n<meta property=\"og:description\" content=\"La nostra especialitzaci\u00f3 \u00e9s l&#039;atenci\u00f3 personalitzada ja que cada pacient \u00e9s \u00fanic. Troba el teu dentista a Tarragona de confian\u00e7a.\" \/>\n<meta property=\"og:url\" content=\"https:\/\/fiodental.es\/ca\/equip\/\" \/>\n<meta property=\"og:site_name\" content=\"C\u00ednica dental en Tarragona | FioDental\" \/>\n<meta property=\"article:modified_time\" content=\"2025-01-09T13:04:02+00:00\" \/>\n<meta property=\"og:image\" content=\"https:\/\/fiodental.es\/wp-content\/uploads\/2024\/04\/descarga.jpeg\" \/>\n\t<meta property=\"og:image:width\" content=\"275\" \/>\n\t<meta property=\"og:image:height\" content=\"183\" \/>\n\t<meta property=\"og:image:type\" content=\"image\/jpeg\" \/>\n<meta name=\"twitter:card\" content=\"summary_large_image\" \/>\n<meta name=\"twitter:label1\" content=\"Temps estimat de lectura\" \/>\n\t<meta name=\"twitter:data1\" content=\"10 minuts\" \/>\n<script type=\"application\/ld+json\" class=\"yoast-schema-graph\">{\"@context\":\"https:\/\/schema.org\",\"@graph\":[{\"@type\":\"WebPage\",\"@id\":\"https:\/\/fiodental.es\/ca\/equip\/\",\"url\":\"https:\/\/fiodental.es\/ca\/equip\/\",\"name\":\"Descobreix el nostre equip de dentistes a Tarragona\",\"isPartOf\":{\"@id\":\"https:\/\/fiodental.es\/ca\/#website\"},\"primaryImageOfPage\":{\"@id\":\"https:\/\/fiodental.es\/ca\/equip\/#primaryimage\"},\"image\":{\"@id\":\"https:\/\/fiodental.es\/ca\/equip\/#primaryimage\"},\"thumbnailUrl\":\"https:\/\/fiodental.es\/wp-content\/uploads\/2024\/04\/descarga.jpeg\",\"datePublished\":\"2024-05-02T12:34:48+00:00\",\"dateModified\":\"2025-01-09T13:04:02+00:00\",\"description\":\"La nostra especialitzaci\u00f3 \u00e9s l'atenci\u00f3 personalitzada ja que cada pacient \u00e9s \u00fanic. Troba el teu dentista a Tarragona de confian\u00e7a.\",\"breadcrumb\":{\"@id\":\"https:\/\/fiodental.es\/ca\/equip\/#breadcrumb\"},\"inLanguage\":\"ca\",\"potentialAction\":[{\"@type\":\"ReadAction\",\"target\":[\"https:\/\/fiodental.es\/ca\/equip\/\"]}]},{\"@type\":\"ImageObject\",\"inLanguage\":\"ca\",\"@id\":\"https:\/\/fiodental.es\/ca\/equip\/#primaryimage\",\"url\":\"https:\/\/fiodental.es\/wp-content\/uploads\/2024\/04\/descarga.jpeg\",\"contentUrl\":\"https:\/\/fiodental.es\/wp-content\/uploads\/2024\/04\/descarga.jpeg\",\"width\":275,\"height\":183},{\"@type\":\"BreadcrumbList\",\"@id\":\"https:\/\/fiodental.es\/ca\/equip\/#breadcrumb\",\"itemListElement\":[{\"@type\":\"ListItem\",\"position\":1,\"name\":\"Home\",\"item\":\"https:\/\/fiodental.es\/ca\/home\/\"},{\"@type\":\"ListItem\",\"position\":2,\"name\":\"Equip\"}]},{\"@type\":\"WebSite\",\"@id\":\"https:\/\/fiodental.es\/ca\/#website\",\"url\":\"https:\/\/fiodental.es\/ca\/\",\"name\":\"C\u00ednica dental en Tarragona | FioDental\",\"description\":\"\",\"potentialAction\":[{\"@type\":\"SearchAction\",\"target\":{\"@type\":\"EntryPoint\",\"urlTemplate\":\"https:\/\/fiodental.es\/ca\/?s={search_term_string}\"},\"query-input\":{\"@type\":\"PropertyValueSpecification\",\"valueRequired\":true,\"valueName\":\"search_term_string\"}}],\"inLanguage\":\"ca\"}]}<\/script>\n<!-- \/ Yoast SEO plugin. -->","yoast_head_json":{"title":"Descobreix el nostre equip de dentistes a Tarragona","description":"La nostra especialitzaci\u00f3 \u00e9s l'atenci\u00f3 personalitzada ja que cada pacient \u00e9s \u00fanic. Troba el teu dentista a Tarragona de confian\u00e7a.","robots":{"index":"index","follow":"follow","max-snippet":"max-snippet:-1","max-image-preview":"max-image-preview:large","max-video-preview":"max-video-preview:-1"},"canonical":"https:\/\/fiodental.es\/ca\/equip\/","og_locale":"ca_ES","og_type":"article","og_title":"Descobreix el nostre equip de dentistes a Tarragona","og_description":"La nostra especialitzaci\u00f3 \u00e9s l'atenci\u00f3 personalitzada ja que cada pacient \u00e9s \u00fanic. Troba el teu dentista a Tarragona de confian\u00e7a.","og_url":"https:\/\/fiodental.es\/ca\/equip\/","og_site_name":"C\u00ednica dental en Tarragona | FioDental","article_modified_time":"2025-01-09T13:04:02+00:00","og_image":[{"width":275,"height":183,"url":"https:\/\/fiodental.es\/wp-content\/uploads\/2024\/04\/descarga.jpeg","type":"image\/jpeg"}],"twitter_card":"summary_large_image","twitter_misc":{"Temps estimat de lectura":"10 minuts"},"schema":{"@context":"https:\/\/schema.org","@graph":[{"@type":"WebPage","@id":"https:\/\/fiodental.es\/ca\/equip\/","url":"https:\/\/fiodental.es\/ca\/equip\/","name":"Descobreix el nostre equip de dentistes a Tarragona","isPartOf":{"@id":"https:\/\/fiodental.es\/ca\/#website"},"primaryImageOfPage":{"@id":"https:\/\/fiodental.es\/ca\/equip\/#primaryimage"},"image":{"@id":"https:\/\/fiodental.es\/ca\/equip\/#primaryimage"},"thumbnailUrl":"https:\/\/fiodental.es\/wp-content\/uploads\/2024\/04\/descarga.jpeg","datePublished":"2024-05-02T12:34:48+00:00","dateModified":"2025-01-09T13:04:02+00:00","description":"La nostra especialitzaci\u00f3 \u00e9s l'atenci\u00f3 personalitzada ja que cada pacient \u00e9s \u00fanic. Troba el teu dentista a Tarragona de confian\u00e7a.","breadcrumb":{"@id":"https:\/\/fiodental.es\/ca\/equip\/#breadcrumb"},"inLanguage":"ca","potentialAction":[{"@type":"ReadAction","target":["https:\/\/fiodental.es\/ca\/equip\/"]}]},{"@type":"ImageObject","inLanguage":"ca","@id":"https:\/\/fiodental.es\/ca\/equip\/#primaryimage","url":"https:\/\/fiodental.es\/wp-content\/uploads\/2024\/04\/descarga.jpeg","contentUrl":"https:\/\/fiodental.es\/wp-content\/uploads\/2024\/04\/descarga.jpeg","width":275,"height":183},{"@type":"BreadcrumbList","@id":"https:\/\/fiodental.es\/ca\/equip\/#breadcrumb","itemListElement":[{"@type":"ListItem","position":1,"name":"Home","item":"https:\/\/fiodental.es\/ca\/home\/"},{"@type":"ListItem","position":2,"name":"Equip"}]},{"@type":"WebSite","@id":"https:\/\/fiodental.es\/ca\/#website","url":"https:\/\/fiodental.es\/ca\/","name":"C\u00ednica dental en Tarragona | FioDental","description":"","potentialAction":[{"@type":"SearchAction","target":{"@type":"EntryPoint","urlTemplate":"https:\/\/fiodental.es\/ca\/?s={search_term_string}"},"query-input":{"@type":"PropertyValueSpecification","valueRequired":true,"valueName":"search_term_string"}}],"inLanguage":"ca"}]}},"_links":{"self":[{"href":"https:\/\/fiodental.es\/ca\/wp-json\/wp\/v2\/pages\/345","targetHints":{"allow":["GET"]}}],"collection":[{"href":"https:\/\/fiodental.es\/ca\/wp-json\/wp\/v2\/pages"}],"about":[{"href":"https:\/\/fiodental.es\/ca\/wp-json\/wp\/v2\/types\/page"}],"author":[{"embeddable":true,"href":"https:\/\/fiodental.es\/ca\/wp-json\/wp\/v2\/users\/6"}],"replies":[{"embeddable":true,"href":"https:\/\/fiodental.es\/ca\/wp-json\/wp\/v2\/comments?post=345"}],"version-history":[{"count":12,"href":"https:\/\/fiodental.es\/ca\/wp-json\/wp\/v2\/pages\/345\/revisions"}],"predecessor-version":[{"id":984,"href":"https:\/\/fiodental.es\/ca\/wp-json\/wp\/v2\/pages\/345\/revisions\/984"}],"wp:featuredmedia":[{"embeddable":true,"href":"https:\/\/fiodental.es\/ca\/wp-json\/wp\/v2\/media\/246"}],"wp:attachment":[{"href":"https:\/\/fiodental.es\/ca\/wp-json\/wp\/v2\/media?parent=345"}],"curies":[{"name":"wp","href":"https:\/\/api.w.org\/{rel}","templated":true}]}}