{"id":909,"date":"2024-12-13T11:06:40","date_gmt":"2024-12-13T11:06:40","guid":{"rendered":"https:\/\/fiodental.es\/avis-legal\/"},"modified":"2024-12-13T11:06:41","modified_gmt":"2024-12-13T11:06:41","slug":"avis-legal","status":"publish","type":"page","link":"https:\/\/fiodental.es\/ca\/avis-legal\/","title":{"rendered":"Av\u00eds legal"},"content":{"rendered":"<p>[et_pb_section fb_built=&#8221;1&#8243; admin_label=&#8221;section&#8221; _builder_version=&#8221;4.16&#8243; global_colors_info=&#8221;{}&#8221;][et_pb_row admin_label=&#8221;row&#8221; _builder_version=&#8221;4.24.3&#8243; background_size=&#8221;initial&#8221; background_position=&#8221;top_left&#8221; background_repeat=&#8221;repeat&#8221; hover_enabled=&#8221;0&#8243; global_colors_info=&#8221;{}&#8221; sticky_enabled=&#8221;0&#8243;][et_pb_column type=&#8221;4_4&#8243; _builder_version=&#8221;4.24.3&#8243; custom_padding=&#8221;|||&#8221; hover_enabled=&#8221;0&#8243; global_colors_info=&#8221;{}&#8221; custom_padding__hover=&#8221;|||&#8221; sticky_enabled=&#8221;0&#8243;][et_pb_text admin_label=&#8221;Text&#8221; _builder_version=&#8221;4.24.3&#8243; text_text_color=&#8221;#000000&#8243; header_2_text_color=&#8221;#000000&#8243; background_size=&#8221;initial&#8221; background_position=&#8221;top_left&#8221; background_repeat=&#8221;repeat&#8221; hover_enabled=&#8221;0&#8243; global_colors_info=&#8221;{}&#8221; sticky_enabled=&#8221;0&#8243;]<\/p>\n<p>&nbsp;<\/p>\n<h2 class=\"wp-block-heading\"><strong>Av\u00eds legal<\/strong><\/h2>\n<p>Est\u00e0s en un espai comprom\u00e8s amb els drets dels seus usuaris i per aquesta ra\u00f3, tindr\u00e0s m\u00e0xima transpar\u00e8ncia i rigor sobre tot el que necessites saber sobre aquest lloc web.<\/p>\n<p>Aquesta web compleix rigurosament amb la Llei Org\u00e0nica 3\/2018, de 5 de desembre, de Protecci\u00f3 de Dades Personals i garantia dels drets digitals (LOPDGDD). Complerta tamb\u00e9 amb el Reglament (UE) 2016\/679 del Parlament Europeu i del Consell de 27 d&#8217;abril de 2016, relatiu a la protecci\u00f3 de les persones f\u00edsiques (RGPD), aix\u00ed com amb la Llei 34\/2002, de 11 de juliol, de Serveis de la Societat de la Informaci\u00f3 i Comer\u00e7 Electr\u00f2nic (LSSICE o LSSI).<\/p>\n<p>Els serveis i\/o productes estan disponibles nom\u00e9s per les persones jur\u00eddiques i les persones que tinguin 16 anys.<\/p>\n<p>&nbsp;<\/p>\n<p>Identificador del responsable de la web<br \/>Denominaci\u00f3 social: Fio Spa Dental Societat Limitada<\/p>\n<p>NIF: 55674444<\/p>\n<p>Correu electr\u00f2nic: Spadental.info@gmail.com<\/p>\n<p>Domicili social: Sevilla 2, Bajo, 43001 TARRAGONA<\/p>\n<p>La seva activitat social \u00e9s: Cl\u00ednica Dental<\/p>\n<p>N.\u00ba de Registre Mercantil: Registre Mercantil de tarragona- 3 actes en BORME publicats<\/p>\n<p>&nbsp;<\/p>\n<p>Et preocupen les teves dades personals?<br \/>Llegeix la Pol\u00edtica de Privacitat. (enlla\u00e7ar)<\/p>\n<p>&nbsp;<\/p>\n<p>Compromis i obligacions dels usuaris<br \/>L&#8217;usuari queda informat i accepta que l&#8217;acc\u00e8s a la present web no suposa, en mode alg\u00fa, l&#8217;inici d&#8217;una relaci\u00f3 comercial amb FIO SPA DENTAL. D&#8217;aquesta manera, l&#8217;usuari es compromet a utilitzar el lloc web, els seus serveis i continguts sense contravenir la legislaci\u00f3 vigent, la bona fe i l&#8217;ordre p\u00fablic.<\/p>\n<p>Queda prohibit l&#8217;\u00fas del lloc web amb fins il\u00b7legals o perjudicials, o que, de qualsevol manera, puguin causar danys o impedir el funcionament normal del lloc web. Respecte els continguts d&#8217;aquesta web, es prohibeix:<\/p>\n<p>La seva reproducci\u00f3, distribuci\u00f3 o modificaci\u00f3, total o parcial, llevat que es compti amb la meva autoritzaci\u00f3 com a leg\u00edtim titular.<br \/>Qualsevol vulneraci\u00f3 dels drets del prestador o dels meus com a leg\u00edtim titular.<br \/>La seva utilitzaci\u00f3 per a fins comercials o publicitaris.<\/p>\n<p>En la utilitzaci\u00f3 de la web www.fiodental.es, l&#8217;usuari es compromet a no dur a terme cap conducta que pugui danyar la imatge, els interessos i els drets de FIO DENTAL o de tercers, o que pugui danyar, inutilitzar o sobrecarregar el portal www.fiospadental.es, o que impedeixi, de qualsevol forma, la utilitzaci\u00f3 normal de la web.<\/p>\n<p>No obstant aix\u00f2, l&#8217;usuari ha de ser conscient que les mesures de seguretat dels sistemes inform\u00e0tics a Internet no s\u00f3n completament fiables i que, per tant, www.fiospadental.es no pot garantir la inexist\u00e8ncia de malware o altres elements que puguin produir alteracions en els sistemes inform\u00e0tics (programari i maquinari) de l&#8217;usuari o en els seus documents electr\u00f2nics i fitxers continguts en els mateixos, tot i que es posen tots els mitjans necessaris i les mesures de seguretat oportunes per evitar la pres\u00e8ncia d&#8217;aquests elements danyosos.<\/p>\n<p>Mesures de seguretat<\/p>\n<p>Les dades personals comunicades per l&#8217;usuari a FIO DENTAL poden ser emmagatzemades en bases de dades automatitzades o no, de les quals la titularitat correspon en exclusiva a Fio Spa Dental Sociedad Limitada, assumint aquesta totes les mesures d&#8217;ordre t\u00e8cnic, organitzatiu i de seguretat que garanteixen la confidencialitat, integritat i qualitat de la informaci\u00f3 continguda en les mateixes d&#8217;acord amb el que estableix la normativa vigent en protecci\u00f3 de dades.<\/p>\n<p>La comunicaci\u00f3 entre els usuaris i www.fiospadental.es utilitza un canal segur, i les dades transmeses s\u00f3n xifrades gr\u00e0cies al protocol https, per tant, disposo de les millors condicions de seguretat perqu\u00e8 la confidencialitat dels usuaris estigui garantida.<\/p>\n<p>Plataforma de resoluci\u00f3 de conflictes<br \/>Poso tamb\u00e9 a disposici\u00f3 dels usuaris la plataforma de resoluci\u00f3 de litigis que facilita la Comissi\u00f3 Europea i que es troba disponible en el seg\u00fcent enlla\u00e7: http:\/\/ec.europa.eu\/consumers\/odr\/<\/p>\n<p>Exclusi\u00f3 de garanties i responsable<br \/>FIO DENTAL no atorga cap garantia ni es fa responsable, en cap cas, dels danys i perjudicis de qualsevol naturalesa que poguessin derivar-se de:<br \/>La manca de disponibilitat, manteniment i funcionament efectiu de la web, o dels seus serveis i continguts.<br \/>L&#8217;exist\u00e8ncia de malware, programes maliciosos o nocius en els continguts.<br \/>L&#8217;\u00fas il\u00b7l\u00edcit, negligent, fraudulent o contrari a aquest Av\u00eds Legal.<br \/>La falta de licitud, calidad, fiabilidad, utilidad y disponibilidad de los servicios prestados por terceros y puestos a disposici\u00f3n de los usuarios en el sitio web.<br \/>El prestador no es fa responsable sota cap concepte dels danys que poguessin derivar de l&#8217;\u00fas il\u00b7legal o indegut d&#8217;aquesta p\u00e0gina web.<br \/>Llei aplicable i jurisdicci\u00f3<br \/>Amb car\u00e0cter general, les relacions entre FIO DENTAL i els usuaris dels seus serveis telem\u00e0tics presents en aquesta web, es troben sotmeses a la legislaci\u00f3 i jurisdicci\u00f3 espanyoles i als tribunals de Tarragona.<br \/>En cas que qualsevol usuari tingu\u00e9s algun dubte sobre les condicions d&#8217;aquest Av\u00eds Legal o qualsevol comentari sobre el portal www.fiospadental.es, si us plau, dirigeixi&#8217;s a spadental.fio@gmail.com.<br \/>L&#8217;Av\u00eds Legal ha estat actualitzat per \u00faltima vegada el 19\/07\/2024.<\/p>\n<p>[\/et_pb_text][\/et_pb_column][\/et_pb_row][\/et_pb_section]<\/p>\n","protected":false},"excerpt":{"rendered":"<p>&nbsp; Av\u00eds legal Est\u00e0s en un espai comprom\u00e8s amb els drets dels seus usuaris i per aquesta ra\u00f3, tindr\u00e0s m\u00e0xima transpar\u00e8ncia i rigor sobre tot el que necessites saber sobre aquest lloc web. Aquesta web compleix rigurosament amb la Llei Org\u00e0nica 3\/2018, de 5 de desembre, de Protecci\u00f3 de Dades Personals i garantia dels drets [&hellip;]<\/p>\n","protected":false},"author":6,"featured_media":0,"parent":0,"menu_order":0,"comment_status":"closed","ping_status":"closed","template":"","meta":{"_et_pb_use_builder":"on","_et_pb_old_content":"","_et_gb_content_width":"","_joinchat":[],"footnotes":""},"class_list":["post-909","page","type-page","status-publish","hentry"],"yoast_head":"<!-- This site is optimized with the Yoast SEO plugin v25.2 - https:\/\/yoast.com\/wordpress\/plugins\/seo\/ -->\n<title>Av\u00eds legal - C\u00ednica dental en Tarragona | FioDental<\/title>\n<meta name=\"robots\" content=\"index, follow, max-snippet:-1, max-image-preview:large, max-video-preview:-1\" \/>\n<link rel=\"canonical\" href=\"https:\/\/fiodental.es\/ca\/avis-legal\/\" \/>\n<meta property=\"og:locale\" content=\"ca_ES\" \/>\n<meta property=\"og:type\" content=\"article\" \/>\n<meta property=\"og:title\" content=\"Av\u00eds legal - C\u00ednica dental en Tarragona | FioDental\" \/>\n<meta property=\"og:description\" content=\"&nbsp; Av\u00eds legal Est\u00e0s en un espai comprom\u00e8s amb els drets dels seus usuaris i per aquesta ra\u00f3, tindr\u00e0s m\u00e0xima transpar\u00e8ncia i rigor sobre tot el que necessites saber sobre aquest lloc web. Aquesta web compleix rigurosament amb la Llei Org\u00e0nica 3\/2018, de 5 de desembre, de Protecci\u00f3 de Dades Personals i garantia dels drets [&hellip;]\" \/>\n<meta property=\"og:url\" content=\"https:\/\/fiodental.es\/ca\/avis-legal\/\" \/>\n<meta property=\"og:site_name\" content=\"C\u00ednica dental en Tarragona | FioDental\" \/>\n<meta property=\"article:modified_time\" content=\"2024-12-13T11:06:41+00:00\" \/>\n<meta name=\"twitter:card\" content=\"summary_large_image\" \/>\n<meta name=\"twitter:label1\" content=\"Temps estimat de lectura\" \/>\n\t<meta name=\"twitter:data1\" content=\"5 minuts\" \/>\n<script type=\"application\/ld+json\" class=\"yoast-schema-graph\">{\"@context\":\"https:\/\/schema.org\",\"@graph\":[{\"@type\":\"WebPage\",\"@id\":\"https:\/\/fiodental.es\/ca\/avis-legal\/\",\"url\":\"https:\/\/fiodental.es\/ca\/avis-legal\/\",\"name\":\"Av\u00eds legal - C\u00ednica dental en Tarragona | FioDental\",\"isPartOf\":{\"@id\":\"https:\/\/fiodental.es\/ca\/#website\"},\"datePublished\":\"2024-12-13T11:06:40+00:00\",\"dateModified\":\"2024-12-13T11:06:41+00:00\",\"breadcrumb\":{\"@id\":\"https:\/\/fiodental.es\/ca\/avis-legal\/#breadcrumb\"},\"inLanguage\":\"ca\",\"potentialAction\":[{\"@type\":\"ReadAction\",\"target\":[\"https:\/\/fiodental.es\/ca\/avis-legal\/\"]}]},{\"@type\":\"BreadcrumbList\",\"@id\":\"https:\/\/fiodental.es\/ca\/avis-legal\/#breadcrumb\",\"itemListElement\":[{\"@type\":\"ListItem\",\"position\":1,\"name\":\"Home\",\"item\":\"https:\/\/fiodental.es\/ca\/home\/\"},{\"@type\":\"ListItem\",\"position\":2,\"name\":\"Av\u00eds legal\"}]},{\"@type\":\"WebSite\",\"@id\":\"https:\/\/fiodental.es\/ca\/#website\",\"url\":\"https:\/\/fiodental.es\/ca\/\",\"name\":\"C\u00ednica dental en Tarragona | FioDental\",\"description\":\"\",\"potentialAction\":[{\"@type\":\"SearchAction\",\"target\":{\"@type\":\"EntryPoint\",\"urlTemplate\":\"https:\/\/fiodental.es\/ca\/?s={search_term_string}\"},\"query-input\":{\"@type\":\"PropertyValueSpecification\",\"valueRequired\":true,\"valueName\":\"search_term_string\"}}],\"inLanguage\":\"ca\"}]}<\/script>\n<!-- \/ Yoast SEO plugin. -->","yoast_head_json":{"title":"Av\u00eds legal - C\u00ednica dental en Tarragona | FioDental","robots":{"index":"index","follow":"follow","max-snippet":"max-snippet:-1","max-image-preview":"max-image-preview:large","max-video-preview":"max-video-preview:-1"},"canonical":"https:\/\/fiodental.es\/ca\/avis-legal\/","og_locale":"ca_ES","og_type":"article","og_title":"Av\u00eds legal - C\u00ednica dental en Tarragona | FioDental","og_description":"&nbsp; Av\u00eds legal Est\u00e0s en un espai comprom\u00e8s amb els drets dels seus usuaris i per aquesta ra\u00f3, tindr\u00e0s m\u00e0xima transpar\u00e8ncia i rigor sobre tot el que necessites saber sobre aquest lloc web. Aquesta web compleix rigurosament amb la Llei Org\u00e0nica 3\/2018, de 5 de desembre, de Protecci\u00f3 de Dades Personals i garantia dels drets [&hellip;]","og_url":"https:\/\/fiodental.es\/ca\/avis-legal\/","og_site_name":"C\u00ednica dental en Tarragona | FioDental","article_modified_time":"2024-12-13T11:06:41+00:00","twitter_card":"summary_large_image","twitter_misc":{"Temps estimat de lectura":"5 minuts"},"schema":{"@context":"https:\/\/schema.org","@graph":[{"@type":"WebPage","@id":"https:\/\/fiodental.es\/ca\/avis-legal\/","url":"https:\/\/fiodental.es\/ca\/avis-legal\/","name":"Av\u00eds legal - C\u00ednica dental en Tarragona | FioDental","isPartOf":{"@id":"https:\/\/fiodental.es\/ca\/#website"},"datePublished":"2024-12-13T11:06:40+00:00","dateModified":"2024-12-13T11:06:41+00:00","breadcrumb":{"@id":"https:\/\/fiodental.es\/ca\/avis-legal\/#breadcrumb"},"inLanguage":"ca","potentialAction":[{"@type":"ReadAction","target":["https:\/\/fiodental.es\/ca\/avis-legal\/"]}]},{"@type":"BreadcrumbList","@id":"https:\/\/fiodental.es\/ca\/avis-legal\/#breadcrumb","itemListElement":[{"@type":"ListItem","position":1,"name":"Home","item":"https:\/\/fiodental.es\/ca\/home\/"},{"@type":"ListItem","position":2,"name":"Av\u00eds legal"}]},{"@type":"WebSite","@id":"https:\/\/fiodental.es\/ca\/#website","url":"https:\/\/fiodental.es\/ca\/","name":"C\u00ednica dental en Tarragona | FioDental","description":"","potentialAction":[{"@type":"SearchAction","target":{"@type":"EntryPoint","urlTemplate":"https:\/\/fiodental.es\/ca\/?s={search_term_string}"},"query-input":{"@type":"PropertyValueSpecification","valueRequired":true,"valueName":"search_term_string"}}],"inLanguage":"ca"}]}},"_links":{"self":[{"href":"https:\/\/fiodental.es\/ca\/wp-json\/wp\/v2\/pages\/909","targetHints":{"allow":["GET"]}}],"collection":[{"href":"https:\/\/fiodental.es\/ca\/wp-json\/wp\/v2\/pages"}],"about":[{"href":"https:\/\/fiodental.es\/ca\/wp-json\/wp\/v2\/types\/page"}],"author":[{"embeddable":true,"href":"https:\/\/fiodental.es\/ca\/wp-json\/wp\/v2\/users\/6"}],"replies":[{"embeddable":true,"href":"https:\/\/fiodental.es\/ca\/wp-json\/wp\/v2\/comments?post=909"}],"version-history":[{"count":2,"href":"https:\/\/fiodental.es\/ca\/wp-json\/wp\/v2\/pages\/909\/revisions"}],"predecessor-version":[{"id":911,"href":"https:\/\/fiodental.es\/ca\/wp-json\/wp\/v2\/pages\/909\/revisions\/911"}],"wp:attachment":[{"href":"https:\/\/fiodental.es\/ca\/wp-json\/wp\/v2\/media?parent=909"}],"curies":[{"name":"wp","href":"https:\/\/api.w.org\/{rel}","templated":true}]}}