{"id":929,"date":"2024-12-13T11:11:51","date_gmt":"2024-12-13T11:11:51","guid":{"rendered":"https:\/\/fiodental.es\/politica-de-cookies\/"},"modified":"2024-12-17T10:30:36","modified_gmt":"2024-12-17T10:30:36","slug":"politica-de-cookies","status":"publish","type":"page","link":"https:\/\/fiodental.es\/ca\/politica-de-cookies\/","title":{"rendered":"Pol\u00edtica de cookies"},"content":{"rendered":"<p>[et_pb_section fb_built=&#8221;1&#8243; admin_label=&#8221;section&#8221; _builder_version=&#8221;4.16&#8243; global_colors_info=&#8221;{}&#8221;][et_pb_row admin_label=&#8221;row&#8221; _builder_version=&#8221;4.24.3&#8243; background_size=&#8221;initial&#8221; background_position=&#8221;top_left&#8221; background_repeat=&#8221;repeat&#8221; global_colors_info=&#8221;{}&#8221;][et_pb_column type=&#8221;4_4&#8243; _builder_version=&#8221;4.24.3&#8243; custom_padding=&#8221;|||&#8221; global_colors_info=&#8221;{}&#8221; custom_padding__hover=&#8221;|||&#8221;][et_pb_text admin_label=&#8221;Text&#8221; _builder_version=&#8221;4.24.3&#8243; text_text_color=&#8221;#000000&#8243; header_2_text_color=&#8221;#000000&#8243; background_size=&#8221;initial&#8221; background_position=&#8221;top_left&#8221; background_repeat=&#8221;repeat&#8221; hover_enabled=&#8221;0&#8243; global_colors_info=&#8221;{}&#8221; sticky_enabled=&#8221;0&#8243;]<\/p>\n<p>&nbsp;<\/p>\n<h2 class=\"wp-block-heading\"><strong>Pol\u00edtica de cookies<\/strong><\/h2>\n<p>Aquesta web recopila i utilitza la informaci\u00f3 segons el que s&#8217;indica a la nostra pol\u00edtica de privadesa. Una de les maneres en qu\u00e8 recopilem informaci\u00f3 \u00e9s mitjan\u00e7ant l&#8217;\u00fas de la tecnologia anomenada &#8220;cookies&#8221;. A www.Fiospadental.es, utilitzem cookies per a diverses finalitats.  <\/p>\n<p>Qu\u00e8 \u00e9s una cookie<\/p>\n<p>Una &#8220;cookie&#8221; \u00e9s una petita quantitat de text que s&#8217;emmagatzema al teu navegador (per exemple, Chrome de Google o Safari d&#8217;Apple) quan naveges per la majoria dels llocs web.<\/p>\n<p>Aceptaci\u00f3 de cookies<\/p>\n<p>En accedir a aquest lloc web o aplicaci\u00f3 per primera vegada, apareixer\u00e0 una advert\u00e8ncia on se t&#8217;informar\u00e0 de la utilitzaci\u00f3 de les cookies i on es podr\u00e0 consultar aquesta pol\u00edtica de cookies.<\/p>\n<p>No es descarregar\u00e0 cap cookie fins que l&#8217;usuari no consenti expl\u00edcitament la instal\u00b7laci\u00f3 de les cookies. Si l&#8217;usuari consenteix la utilitzaci\u00f3 de cookies, es realitzar\u00e0 la instal\u00b7laci\u00f3 de les mateixes al seu equip o dispositiu. <\/p>\n<p>A m\u00e9s de l&#8217;\u00fas de les nostres cookies pr\u00f2pies, permetem a tercers establir cookies i accedir-hi al seu dispositiu.<\/p>\n<p>Quina informaci\u00f3 emmagatzema una cookie?<\/p>\n<p>Les cookies no solen emmagatzemar informaci\u00f3 sensible sobre vost\u00e8, com targetes de cr\u00e8dit o dades banc\u00e0ries, fotografies o informaci\u00f3 personal, etc. Les dades que emmagatzemen s\u00f3n de car\u00e0cter t\u00e8cnic, estad\u00edstic, prefer\u00e8ncies personals, personalitzaci\u00f3 de continguts, etc. <\/p>\n<p>Quin tipus de cookies existeixen?<\/p>\n<p>Cookies t\u00e8cniques: S\u00f3n les m\u00e9s elementals i permeten, entre altres coses, saber quan est\u00e0 navegant un hum\u00e0 o una aplicaci\u00f3 automatitzada, quan navega un usuari an\u00f2nim i un registrat, tasques b\u00e0siques per al funcionament de qualsevol web din\u00e0mica.<br \/>Cookies d&#8217;an\u00e0lisi: Recullen informaci\u00f3 sobre el tipus de navegaci\u00f3 que est\u00e0 realitzant, les seccions que m\u00e9s utilitza, productes consultats, franja hor\u00e0ria d&#8217;\u00fas, idioma, etc.<br \/>Cookies publicit\u00e0ries: Mostren publicitat en funci\u00f3 de la seva navegaci\u00f3, el seu pa\u00eds d&#8217;origen, idioma, etc.<\/p>\n<p>Cookies acceptades per la normativa i cookies exceptuades<\/p>\n<p>Segons la directiva de la UE, les cookies que requereixen el consentiment informat per part de l&#8217;usuari s\u00f3n les cookies d&#8217;an\u00e0lisi, i les de publicitat i afiliaci\u00f3, quedant excepte les de car\u00e0cter t\u00e8cnic i les necess\u00e0ries per al funcionament del lloc web o la prestaci\u00f3 de serveis expressament sol\u00b7licitats per l&#8217;usuari.<\/p>\n<p>Quines cookies utilitza aquesta web?<\/p>\n<p>Aquesta web utilitza cookies propies i de ter\u00e7ers. En aquest lloc web s&#8217;utilitzen les cookies que es detallen a continuaci\u00f3: <\/p>\n<p>COOKIES PROPIES<\/p>\n<p>Inici de sessi\u00f3: Les cookies per iniciar sessi\u00f3 et permeten entrar i sortir del teu compte de www.Fiodental.es<\/p>\n<p>Personalitzaci\u00f3: Les cookies ens ajuden a recordar amb quines persones o llocs web has interactuat, per poder mostrar-te contingut relacionat.<\/p>\n<p>Prefer\u00e8ncies: Les cookies ens permeten recordar els teus ajustos i prefer\u00e8ncies, com l&#8217;idioma preferit i la teva configuraci\u00f3 de privadesa.<\/p>\n<p>Seguretat: Utilitzem cookies per evitar-te riscos de seguretat. Principalment per detectar quan alg\u00fa est\u00e0 intentant piratejar el teu compte de {NOM DOMINI}. <\/p>\n<p>Es poden eliminar les cookies?<\/p>\n<p>S\u00ed, i no nom\u00e9s eliminar, tamb\u00e9 bloquejar, de manera general o particular per a un domini espec\u00edfic.<\/p>\n<p>Per eliminar les cookies d&#8217;un lloc web, heu d&#8217;anar a la configuraci\u00f3 del vostre navegador i all\u00ed podreu buscar les associades al domini en q\u00fcesti\u00f3 i procedir a la seva eliminaci\u00f3.<\/p>\n<p>Configuraci\u00f3 de galetes per a Google Chrome<br \/>Configuraci\u00f3 de galetes per a Apple Safari<br \/>Configuraci\u00f3 de galetes per a Internet Explorer<br \/>Configuraci\u00f3 de galetes per a Mozilla Firefox<br \/>COOKIES DE TERCERS<\/p>\n<p>*(Seleccionar nom\u00e8s els m\u00f2duls que corresponen)<\/p>\n<p>M\u00f2dulo Google Analytics<\/p>\n<p>Cookies anal\u00edtiques<\/p>\n<p>Aquesta web utilitza serveis d&#8217;an\u00e0lisi, concretament, Google Analytics per ajudar al lloc web a analitzar l&#8217;\u00fas que fan els usuaris del lloc web i millorar la seva usabilitat, per\u00f2 en cap cas es relacionen amb dades que podrien identificar l&#8217;usuari. Google Analytics \u00e9s un servei anal\u00edtic de web prestat per Google Inc. L&#8217;usuari pot consultar aqu\u00ed el tipus de cookies utilitzades per Google.  <\/p>\n<p>M\u00f2dul xarxes socials (seleccionar les que corresponguin)<\/p>\n<p>Cookies de xarxes socials<\/p>\n<p>Les cookies de xarxes socials es poden emmagatzemar al teu navegador mentre naveges per www.Fiospadental.es, per exemple, quan utilitzes el bot\u00f3 de compartir continguts de www.Fiospadental.es en alguna xarxa social.<\/p>\n<p>A continuaci\u00f3, tens informaci\u00f3 sobre les cookies de les xarxes socials que utilitza aquest lloc web en les seves pr\u00f2pies pol\u00edtiques de cookies:<\/p>\n<p>Cookies de Facebook, veure m\u00e9s informaci\u00f3 a la seva pol\u00edtica de cookies.<br \/>Cookies de Twitter, veure m\u00e9s informaci\u00f3 a la seva pol\u00edtica de cookies.<br \/>Cookies d&#8217;Instagram, veure m\u00e9s informaci\u00f3 a la seva pol\u00edtica de cookies.<br \/>Cookies de Youtube, veure m\u00e9s informaci\u00f3 a la seva pol\u00edtica de cookies.<br \/>Acceptaci\u00f3 de cookies.<\/p>\n<p>En accedir a aquest lloc web o aplicaci\u00f3 per primera vegada, es mostrar\u00e0 una advert\u00e8ncia on s&#8217;informa de la utilitzaci\u00f3 de les cookies i on es pot consultar aquesta pol\u00edtica de cookies. Si l&#8217;usuari consenteix la utilitzaci\u00f3 de cookies, es realitzar\u00e0 la instal\u00b7laci\u00f3 de les mateixes al seu equip o dispositiu. <\/p>\n<p>A m\u00e9s de l&#8217;\u00fas de les nostres cookies pr\u00f2pies, permetem a tercers establir cookies i accedir-hi al seu ordinador. El consentiment per a l&#8217;\u00fas de les cookies d&#8217;aquestes empreses est\u00e0 vinculat a la navegaci\u00f3 per aquest lloc web. <\/p>\n<p>M\u00e9s informaci\u00f3 sobre les cookies<\/p>\n<p>Pots consultar el reglament sobre cookies publicat per l&#8217;Ag\u00e8ncia Espanyola de Protecci\u00f3 de Dades a la seva &#8220;Guia sobre l&#8217;\u00fas de les cookies&#8221; i obtenir m\u00e9s informaci\u00f3 sobre les cookies a Internet a http:\/\/www.aboutcookies.org\/.<\/p>\n<p>Si desea tener un mayor control sobre la instalaci\u00f3n de cookies, puede instalar programas o complementos a su navegador, conocidos como herramientas de \u201cDo Not Track\u201d, que le permitir\u00e1n escoger aquellas cookies que desea permitir.<\/p>\n<p>&nbsp;<\/p>\n<p>Aquesta pol\u00edtica de cookies va ser actualitzada per \u00faltima vegada al juliol de 2022.<\/p>\n<p>[\/et_pb_text][\/et_pb_column][\/et_pb_row][\/et_pb_section]<\/p>\n","protected":false},"excerpt":{"rendered":"<p>&nbsp; Pol\u00edtica de cookies Aquesta web recopila i utilitza la informaci\u00f3 segons el que s&#8217;indica a la nostra pol\u00edtica de privadesa. Una de les maneres en qu\u00e8 recopilem informaci\u00f3 \u00e9s mitjan\u00e7ant l&#8217;\u00fas de la tecnologia anomenada &#8220;cookies&#8221;. A www.Fiospadental.es, utilitzem cookies per a diverses finalitats. Qu\u00e8 \u00e9s una cookie Una &#8220;cookie&#8221; \u00e9s una petita quantitat [&hellip;]<\/p>\n","protected":false},"author":6,"featured_media":0,"parent":0,"menu_order":0,"comment_status":"closed","ping_status":"closed","template":"","meta":{"_et_pb_use_builder":"on","_et_pb_old_content":"","_et_gb_content_width":"","_joinchat":[],"footnotes":""},"class_list":["post-929","page","type-page","status-publish","hentry"],"yoast_head":"<!-- This site is optimized with the Yoast SEO plugin v25.2 - https:\/\/yoast.com\/wordpress\/plugins\/seo\/ -->\n<title>Pol\u00edtica de cookies - C\u00ednica dental en Tarragona | FioDental<\/title>\n<meta name=\"robots\" content=\"index, follow, max-snippet:-1, max-image-preview:large, max-video-preview:-1\" \/>\n<link rel=\"canonical\" href=\"https:\/\/fiodental.es\/ca\/politica-de-cookies\/\" \/>\n<meta property=\"og:locale\" content=\"ca_ES\" \/>\n<meta property=\"og:type\" content=\"article\" \/>\n<meta property=\"og:title\" content=\"Pol\u00edtica de cookies - C\u00ednica dental en Tarragona | FioDental\" \/>\n<meta property=\"og:description\" content=\"&nbsp; Pol\u00edtica de cookies Aquesta web recopila i utilitza la informaci\u00f3 segons el que s&#039;indica a la nostra pol\u00edtica de privadesa. Una de les maneres en qu\u00e8 recopilem informaci\u00f3 \u00e9s mitjan\u00e7ant l&#039;\u00fas de la tecnologia anomenada &quot;cookies&quot;. A www.Fiospadental.es, utilitzem cookies per a diverses finalitats. Qu\u00e8 \u00e9s una cookie Una &quot;cookie&quot; \u00e9s una petita quantitat [&hellip;]\" \/>\n<meta property=\"og:url\" content=\"https:\/\/fiodental.es\/ca\/politica-de-cookies\/\" \/>\n<meta property=\"og:site_name\" content=\"C\u00ednica dental en Tarragona | FioDental\" \/>\n<meta property=\"article:modified_time\" content=\"2024-12-17T10:30:36+00:00\" \/>\n<meta name=\"twitter:card\" content=\"summary_large_image\" \/>\n<meta name=\"twitter:label1\" content=\"Temps estimat de lectura\" \/>\n\t<meta name=\"twitter:data1\" content=\"5 minuts\" \/>\n<script type=\"application\/ld+json\" class=\"yoast-schema-graph\">{\"@context\":\"https:\/\/schema.org\",\"@graph\":[{\"@type\":\"WebPage\",\"@id\":\"https:\/\/fiodental.es\/ca\/politica-de-cookies\/\",\"url\":\"https:\/\/fiodental.es\/ca\/politica-de-cookies\/\",\"name\":\"Pol\u00edtica de cookies - C\u00ednica dental en Tarragona | FioDental\",\"isPartOf\":{\"@id\":\"https:\/\/fiodental.es\/ca\/#website\"},\"datePublished\":\"2024-12-13T11:11:51+00:00\",\"dateModified\":\"2024-12-17T10:30:36+00:00\",\"breadcrumb\":{\"@id\":\"https:\/\/fiodental.es\/ca\/politica-de-cookies\/#breadcrumb\"},\"inLanguage\":\"ca\",\"potentialAction\":[{\"@type\":\"ReadAction\",\"target\":[\"https:\/\/fiodental.es\/ca\/politica-de-cookies\/\"]}]},{\"@type\":\"BreadcrumbList\",\"@id\":\"https:\/\/fiodental.es\/ca\/politica-de-cookies\/#breadcrumb\",\"itemListElement\":[{\"@type\":\"ListItem\",\"position\":1,\"name\":\"Home\",\"item\":\"https:\/\/fiodental.es\/ca\/home\/\"},{\"@type\":\"ListItem\",\"position\":2,\"name\":\"Pol\u00edtica de cookies\"}]},{\"@type\":\"WebSite\",\"@id\":\"https:\/\/fiodental.es\/ca\/#website\",\"url\":\"https:\/\/fiodental.es\/ca\/\",\"name\":\"C\u00ednica dental en Tarragona | FioDental\",\"description\":\"\",\"potentialAction\":[{\"@type\":\"SearchAction\",\"target\":{\"@type\":\"EntryPoint\",\"urlTemplate\":\"https:\/\/fiodental.es\/ca\/?s={search_term_string}\"},\"query-input\":{\"@type\":\"PropertyValueSpecification\",\"valueRequired\":true,\"valueName\":\"search_term_string\"}}],\"inLanguage\":\"ca\"}]}<\/script>\n<!-- \/ Yoast SEO plugin. -->","yoast_head_json":{"title":"Pol\u00edtica de cookies - C\u00ednica dental en Tarragona | FioDental","robots":{"index":"index","follow":"follow","max-snippet":"max-snippet:-1","max-image-preview":"max-image-preview:large","max-video-preview":"max-video-preview:-1"},"canonical":"https:\/\/fiodental.es\/ca\/politica-de-cookies\/","og_locale":"ca_ES","og_type":"article","og_title":"Pol\u00edtica de cookies - C\u00ednica dental en Tarragona | FioDental","og_description":"&nbsp; Pol\u00edtica de cookies Aquesta web recopila i utilitza la informaci\u00f3 segons el que s'indica a la nostra pol\u00edtica de privadesa. Una de les maneres en qu\u00e8 recopilem informaci\u00f3 \u00e9s mitjan\u00e7ant l'\u00fas de la tecnologia anomenada \"cookies\". A www.Fiospadental.es, utilitzem cookies per a diverses finalitats. Qu\u00e8 \u00e9s una cookie Una \"cookie\" \u00e9s una petita quantitat [&hellip;]","og_url":"https:\/\/fiodental.es\/ca\/politica-de-cookies\/","og_site_name":"C\u00ednica dental en Tarragona | FioDental","article_modified_time":"2024-12-17T10:30:36+00:00","twitter_card":"summary_large_image","twitter_misc":{"Temps estimat de lectura":"5 minuts"},"schema":{"@context":"https:\/\/schema.org","@graph":[{"@type":"WebPage","@id":"https:\/\/fiodental.es\/ca\/politica-de-cookies\/","url":"https:\/\/fiodental.es\/ca\/politica-de-cookies\/","name":"Pol\u00edtica de cookies - C\u00ednica dental en Tarragona | FioDental","isPartOf":{"@id":"https:\/\/fiodental.es\/ca\/#website"},"datePublished":"2024-12-13T11:11:51+00:00","dateModified":"2024-12-17T10:30:36+00:00","breadcrumb":{"@id":"https:\/\/fiodental.es\/ca\/politica-de-cookies\/#breadcrumb"},"inLanguage":"ca","potentialAction":[{"@type":"ReadAction","target":["https:\/\/fiodental.es\/ca\/politica-de-cookies\/"]}]},{"@type":"BreadcrumbList","@id":"https:\/\/fiodental.es\/ca\/politica-de-cookies\/#breadcrumb","itemListElement":[{"@type":"ListItem","position":1,"name":"Home","item":"https:\/\/fiodental.es\/ca\/home\/"},{"@type":"ListItem","position":2,"name":"Pol\u00edtica de cookies"}]},{"@type":"WebSite","@id":"https:\/\/fiodental.es\/ca\/#website","url":"https:\/\/fiodental.es\/ca\/","name":"C\u00ednica dental en Tarragona | FioDental","description":"","potentialAction":[{"@type":"SearchAction","target":{"@type":"EntryPoint","urlTemplate":"https:\/\/fiodental.es\/ca\/?s={search_term_string}"},"query-input":{"@type":"PropertyValueSpecification","valueRequired":true,"valueName":"search_term_string"}}],"inLanguage":"ca"}]}},"_links":{"self":[{"href":"https:\/\/fiodental.es\/ca\/wp-json\/wp\/v2\/pages\/929","targetHints":{"allow":["GET"]}}],"collection":[{"href":"https:\/\/fiodental.es\/ca\/wp-json\/wp\/v2\/pages"}],"about":[{"href":"https:\/\/fiodental.es\/ca\/wp-json\/wp\/v2\/types\/page"}],"author":[{"embeddable":true,"href":"https:\/\/fiodental.es\/ca\/wp-json\/wp\/v2\/users\/6"}],"replies":[{"embeddable":true,"href":"https:\/\/fiodental.es\/ca\/wp-json\/wp\/v2\/comments?post=929"}],"version-history":[{"count":5,"href":"https:\/\/fiodental.es\/ca\/wp-json\/wp\/v2\/pages\/929\/revisions"}],"predecessor-version":[{"id":969,"href":"https:\/\/fiodental.es\/ca\/wp-json\/wp\/v2\/pages\/929\/revisions\/969"}],"wp:attachment":[{"href":"https:\/\/fiodental.es\/ca\/wp-json\/wp\/v2\/media?parent=929"}],"curies":[{"name":"wp","href":"https:\/\/api.w.org\/{rel}","templated":true}]}}