{"id":932,"date":"2024-12-13T11:12:33","date_gmt":"2024-12-13T11:12:33","guid":{"rendered":"https:\/\/fiodental.es\/politica-de-privacitat\/"},"modified":"2024-12-17T10:30:51","modified_gmt":"2024-12-17T10:30:51","slug":"politica-de-privacitat","status":"publish","type":"page","link":"https:\/\/fiodental.es\/ca\/politica-de-privacitat\/","title":{"rendered":"Pol\u00edtica de privacitat"},"content":{"rendered":"<p>[et_pb_section fb_built=&#8221;1&#8243; admin_label=&#8221;section&#8221; _builder_version=&#8221;4.16&#8243; global_colors_info=&#8221;{}&#8221;][et_pb_row admin_label=&#8221;row&#8221; _builder_version=&#8221;4.16&#8243; background_size=&#8221;initial&#8221; background_position=&#8221;top_left&#8221; background_repeat=&#8221;repeat&#8221; global_colors_info=&#8221;{}&#8221;][et_pb_column type=&#8221;4_4&#8243; _builder_version=&#8221;4.16&#8243; custom_padding=&#8221;|||&#8221; global_colors_info=&#8221;{}&#8221; custom_padding__hover=&#8221;|||&#8221;][et_pb_text admin_label=&#8221;Text&#8221; _builder_version=&#8221;4.24.3&#8243; text_text_color=&#8221;#000000&#8243; header_2_text_color=&#8221;#000000&#8243; background_size=&#8221;initial&#8221; background_position=&#8221;top_left&#8221; background_repeat=&#8221;repeat&#8221; global_colors_info=&#8221;{}&#8221;]<\/p>\n<h2 class=\"wp-block-heading\"><strong>Pol\u00edtica de privacitat<\/strong><\/h2>\n<p>Per a les finalitats establertes en aquesta Pol\u00edtica de Privacitat, Fio Dental recull i tracta les Dades Personals que es detallen a continuaci\u00f3, que dependran dels diferents productes o serveis que sol\u00b7liciti en aquest lloc web:<\/p>\n<p><strong>Dades identificatives:<\/strong> n<span>o<\/span>m, cognoms.<\/p>\n<p><strong>Dades de contacte:<\/strong> adre\u00e7a postal, correu electr\u00f2nic, n\u00f9mero de tel\u00e8fon m\u00f2bil.<\/p>\n<ul>\n<li><strong>L&#8217;inter\u00e8s leg\u00edtim<\/strong> d<span>e<\/span>l responsable del tractament per protegir els usuaris de la web de Fio Dental d&#8217;abusos i fraus en l&#8217;\u00fas dels nostres serveis.<\/li>\n<\/ul>\n<p><strong>Formulari de contacte:<\/strong><span> <\/span>Tamb\u00e9 existeix un formulari de contacte per consultes, sugger\u00e8ncies o contacte professional En aquest cas s&#8217;utilitzar\u00e0 l&#8217;adre\u00e7a de correu electr\u00f2nic per respondre a les mateixes i enviar informaci\u00f3 que l&#8217;usuari requereix-hi a trav\u00e9s de la web<\/p>\n<p>www.Fiospadental.es es compromet a l&#8217;\u00fas i tractament de les dades personals de l&#8217;usuari, respectant la seva confidencialitat, d&#8217;acord amb la finalitat d&#8217;aquests; aix\u00ed com a complir amb l&#8217;obligaci\u00f3 de guardar-les i adaptar totes les mesures per evitar l&#8217;alteraci\u00f3, p\u00e8rdua, tractament o acc\u00e9s no autoritzat, d&#8217;acord amb el que estableix la normativa vigent de protecci\u00f3 de dades.<\/p>\n<p>(Aquesta web inclou un certificat SSL. Es tracta d&#8217;un protocol de seguretat que fa que les teves dades viatgin de manera \u00edntegra i segura; \u00e9s a dir, la transmissi\u00f3 de les dades entre un servidor i l&#8217;usuari web, i en retroalimentaci\u00f3, \u00e9s totalment xifrada o encriptada.)<\/p>\n<p>www.fiosdental.es no pot garantir la absoluta inexpugnabilitat de la xarxa Internet, ni, per tant, la violaci\u00f3 de les dades mitjan\u00e7ant accessos fraudulents a elles per part de tercers.<\/p>\n<p>Pel que fa a la confidencialitat del processament, Fio Spa Dental societat limitada s&#8217;assegurar\u00e0 que qualsevol persona autoritzada per Fio Spa Dental societat limitada per processar les dades del client (incl\u00f2s el seu personal, col\u00b7laboradors i prestadors), estar\u00e0 sota l&#8217;obligaci\u00f3 apropiada de confidencialitat (ja sigui un deure contractual o legal). Quan es presenti algun incident de seguretat, en adonar-se&#8217;n Fio Spa Dental societat limitada haur\u00e0 de notificar al Client sense demora indeguda i haur\u00e0 de proporcionar la informaci\u00f3 oportuna relacionada amb l&#8217;Incident de Seguretat tal com es conegui, o quan el client ho sol\u00b7liciti raonablement.<\/p>\n<p>Fio Spa Dental societat es reserva el dret a modificar la present pol\u00edtica per adaptar-la a novetats legislatives o jurisprudencials, aix\u00ed com a pr\u00e0ctiques de la ind\u00fastria. En aquests sup\u00f2sits, anunciar\u00e0 en aquesta p\u00e0gina els canvis introdu\u00efts amb raonable antelaci\u00f3 a la seva posada en pr\u00e0ctica.<\/p>\n<\/p>\n<p>[\/et_pb_text][\/et_pb_column][\/et_pb_row][\/et_pb_section]<\/p>\n","protected":false},"excerpt":{"rendered":"<p>Pol\u00edtica de privacitat Per a les finalitats establertes en aquesta Pol\u00edtica de Privacitat, Fio Dental recull i tracta les Dades Personals que es detallen a continuaci\u00f3, que dependran dels diferents productes o serveis que sol\u00b7liciti en aquest lloc web: Dades identificatives: nom, cognoms. Dades de contacte: adre\u00e7a postal, correu electr\u00f2nic, n\u00f9mero de tel\u00e8fon m\u00f2bil. L&#8217;inter\u00e8s [&hellip;]<\/p>\n","protected":false},"author":6,"featured_media":0,"parent":0,"menu_order":0,"comment_status":"closed","ping_status":"closed","template":"","meta":{"_et_pb_use_builder":"on","_et_pb_old_content":"","_et_gb_content_width":"","_joinchat":[],"footnotes":""},"class_list":["post-932","page","type-page","status-publish","hentry"],"yoast_head":"<!-- This site is optimized with the Yoast SEO plugin v25.2 - https:\/\/yoast.com\/wordpress\/plugins\/seo\/ -->\n<title>Pol\u00edtica de privacitat - C\u00ednica dental en Tarragona | FioDental<\/title>\n<meta name=\"robots\" content=\"index, follow, max-snippet:-1, max-image-preview:large, max-video-preview:-1\" \/>\n<link rel=\"canonical\" href=\"https:\/\/fiodental.es\/ca\/politica-de-privacitat\/\" \/>\n<meta property=\"og:locale\" content=\"ca_ES\" \/>\n<meta property=\"og:type\" content=\"article\" \/>\n<meta property=\"og:title\" content=\"Pol\u00edtica de privacitat - C\u00ednica dental en Tarragona | FioDental\" \/>\n<meta property=\"og:description\" content=\"Pol\u00edtica de privacitat Per a les finalitats establertes en aquesta Pol\u00edtica de Privacitat, Fio Dental recull i tracta les Dades Personals que es detallen a continuaci\u00f3, que dependran dels diferents productes o serveis que sol\u00b7liciti en aquest lloc web: Dades identificatives: nom, cognoms. Dades de contacte: adre\u00e7a postal, correu electr\u00f2nic, n\u00f9mero de tel\u00e8fon m\u00f2bil. L&#039;inter\u00e8s [&hellip;]\" \/>\n<meta property=\"og:url\" content=\"https:\/\/fiodental.es\/ca\/politica-de-privacitat\/\" \/>\n<meta property=\"og:site_name\" content=\"C\u00ednica dental en Tarragona | FioDental\" \/>\n<meta property=\"article:modified_time\" content=\"2024-12-17T10:30:51+00:00\" \/>\n<meta name=\"twitter:card\" content=\"summary_large_image\" \/>\n<meta name=\"twitter:label1\" content=\"Temps estimat de lectura\" \/>\n\t<meta name=\"twitter:data1\" content=\"3 minuts\" \/>\n<script type=\"application\/ld+json\" class=\"yoast-schema-graph\">{\"@context\":\"https:\/\/schema.org\",\"@graph\":[{\"@type\":\"WebPage\",\"@id\":\"https:\/\/fiodental.es\/ca\/politica-de-privacitat\/\",\"url\":\"https:\/\/fiodental.es\/ca\/politica-de-privacitat\/\",\"name\":\"Pol\u00edtica de privacitat - C\u00ednica dental en Tarragona | FioDental\",\"isPartOf\":{\"@id\":\"https:\/\/fiodental.es\/ca\/#website\"},\"datePublished\":\"2024-12-13T11:12:33+00:00\",\"dateModified\":\"2024-12-17T10:30:51+00:00\",\"breadcrumb\":{\"@id\":\"https:\/\/fiodental.es\/ca\/politica-de-privacitat\/#breadcrumb\"},\"inLanguage\":\"ca\",\"potentialAction\":[{\"@type\":\"ReadAction\",\"target\":[\"https:\/\/fiodental.es\/ca\/politica-de-privacitat\/\"]}]},{\"@type\":\"BreadcrumbList\",\"@id\":\"https:\/\/fiodental.es\/ca\/politica-de-privacitat\/#breadcrumb\",\"itemListElement\":[{\"@type\":\"ListItem\",\"position\":1,\"name\":\"Home\",\"item\":\"https:\/\/fiodental.es\/ca\/home\/\"},{\"@type\":\"ListItem\",\"position\":2,\"name\":\"Pol\u00edtica de privacitat\"}]},{\"@type\":\"WebSite\",\"@id\":\"https:\/\/fiodental.es\/ca\/#website\",\"url\":\"https:\/\/fiodental.es\/ca\/\",\"name\":\"C\u00ednica dental en Tarragona | FioDental\",\"description\":\"\",\"potentialAction\":[{\"@type\":\"SearchAction\",\"target\":{\"@type\":\"EntryPoint\",\"urlTemplate\":\"https:\/\/fiodental.es\/ca\/?s={search_term_string}\"},\"query-input\":{\"@type\":\"PropertyValueSpecification\",\"valueRequired\":true,\"valueName\":\"search_term_string\"}}],\"inLanguage\":\"ca\"}]}<\/script>\n<!-- \/ Yoast SEO plugin. -->","yoast_head_json":{"title":"Pol\u00edtica de privacitat - C\u00ednica dental en Tarragona | FioDental","robots":{"index":"index","follow":"follow","max-snippet":"max-snippet:-1","max-image-preview":"max-image-preview:large","max-video-preview":"max-video-preview:-1"},"canonical":"https:\/\/fiodental.es\/ca\/politica-de-privacitat\/","og_locale":"ca_ES","og_type":"article","og_title":"Pol\u00edtica de privacitat - C\u00ednica dental en Tarragona | FioDental","og_description":"Pol\u00edtica de privacitat Per a les finalitats establertes en aquesta Pol\u00edtica de Privacitat, Fio Dental recull i tracta les Dades Personals que es detallen a continuaci\u00f3, que dependran dels diferents productes o serveis que sol\u00b7liciti en aquest lloc web: Dades identificatives: nom, cognoms. Dades de contacte: adre\u00e7a postal, correu electr\u00f2nic, n\u00f9mero de tel\u00e8fon m\u00f2bil. L'inter\u00e8s [&hellip;]","og_url":"https:\/\/fiodental.es\/ca\/politica-de-privacitat\/","og_site_name":"C\u00ednica dental en Tarragona | FioDental","article_modified_time":"2024-12-17T10:30:51+00:00","twitter_card":"summary_large_image","twitter_misc":{"Temps estimat de lectura":"3 minuts"},"schema":{"@context":"https:\/\/schema.org","@graph":[{"@type":"WebPage","@id":"https:\/\/fiodental.es\/ca\/politica-de-privacitat\/","url":"https:\/\/fiodental.es\/ca\/politica-de-privacitat\/","name":"Pol\u00edtica de privacitat - C\u00ednica dental en Tarragona | FioDental","isPartOf":{"@id":"https:\/\/fiodental.es\/ca\/#website"},"datePublished":"2024-12-13T11:12:33+00:00","dateModified":"2024-12-17T10:30:51+00:00","breadcrumb":{"@id":"https:\/\/fiodental.es\/ca\/politica-de-privacitat\/#breadcrumb"},"inLanguage":"ca","potentialAction":[{"@type":"ReadAction","target":["https:\/\/fiodental.es\/ca\/politica-de-privacitat\/"]}]},{"@type":"BreadcrumbList","@id":"https:\/\/fiodental.es\/ca\/politica-de-privacitat\/#breadcrumb","itemListElement":[{"@type":"ListItem","position":1,"name":"Home","item":"https:\/\/fiodental.es\/ca\/home\/"},{"@type":"ListItem","position":2,"name":"Pol\u00edtica de privacitat"}]},{"@type":"WebSite","@id":"https:\/\/fiodental.es\/ca\/#website","url":"https:\/\/fiodental.es\/ca\/","name":"C\u00ednica dental en Tarragona | FioDental","description":"","potentialAction":[{"@type":"SearchAction","target":{"@type":"EntryPoint","urlTemplate":"https:\/\/fiodental.es\/ca\/?s={search_term_string}"},"query-input":{"@type":"PropertyValueSpecification","valueRequired":true,"valueName":"search_term_string"}}],"inLanguage":"ca"}]}},"_links":{"self":[{"href":"https:\/\/fiodental.es\/ca\/wp-json\/wp\/v2\/pages\/932","targetHints":{"allow":["GET"]}}],"collection":[{"href":"https:\/\/fiodental.es\/ca\/wp-json\/wp\/v2\/pages"}],"about":[{"href":"https:\/\/fiodental.es\/ca\/wp-json\/wp\/v2\/types\/page"}],"author":[{"embeddable":true,"href":"https:\/\/fiodental.es\/ca\/wp-json\/wp\/v2\/users\/6"}],"replies":[{"embeddable":true,"href":"https:\/\/fiodental.es\/ca\/wp-json\/wp\/v2\/comments?post=932"}],"version-history":[{"count":5,"href":"https:\/\/fiodental.es\/ca\/wp-json\/wp\/v2\/pages\/932\/revisions"}],"predecessor-version":[{"id":972,"href":"https:\/\/fiodental.es\/ca\/wp-json\/wp\/v2\/pages\/932\/revisions\/972"}],"wp:attachment":[{"href":"https:\/\/fiodental.es\/ca\/wp-json\/wp\/v2\/media?parent=932"}],"curies":[{"name":"wp","href":"https:\/\/api.w.org\/{rel}","templated":true}]}}